{"id":2967,"date":"2018-07-17T07:20:30","date_gmt":"2018-07-17T07:20:30","guid":{"rendered":"https:\/\/www.terrazzamarconi.it\/?page_id=2967"},"modified":"2021-09-02T09:58:59","modified_gmt":"2021-09-02T09:58:59","slug":"hotel-diestleistugen","status":"publish","type":"page","link":"https:\/\/www.terrazzamarconi.it\/de\/senigallia-hotel-terrazza-marconi\/hotel-diestleistugen\/","title":{"rendered":"DIENSTLEISTUNGEN"},"content":{"rendered":"<p><div class=\"fusion-fullwidth fullwidth-box fusion-builder-row-1 nonhundred-percent-fullwidth non-hundred-percent-height-scrolling fusion-equal-height-columns\" style=\"background-color: rgba(255,243,206,0.28);background-position: center center;background-repeat: no-repeat;background-blend-mode: overlay;padding-top:20px;padding-right:0px;padding-bottom:20px;padding-left:0px;margin-bottom: 0px;margin-top: 0px;border-width: 0px 0px 0px 0px;border-color:#eae9e9;border-style:solid;\" ><div class=\"fusion-builder-row fusion-row\"><div class=\"fusion-layout-column fusion_builder_column fusion-builder-column-0 fusion_builder_column_1_3 1_3 fusion-one-third fusion-column-first\" style=\"width:33.333333333333%;width:calc(33.333333333333% - ( ( 4% ) * 0.33333333333333 ) );margin-right: 4%;margin-top:0px;margin-bottom:20px;\"><div class=\"fusion-column-wrapper fusion-flex-column-wrapper-legacy\" style=\"background-position:left top;background-repeat:no-repeat;-webkit-background-size:cover;-moz-background-size:cover;-o-background-size:cover;background-size:cover;padding: 20px 0px 0px 0px;\"><div class=\"fusion-text fusion-text-1\" style=\"transform:translate3d(0,0,0);\"><p style=\"letter-spacing: 4px; font-size: 13px; text-align: center; margin-bottom: 0px;\">HOTEL SERVICES<\/p>\n<h1 style=\"text-align: center;\"><span style=\"font-weight: 400;\">Allgemeinde Dienstleistungen<\/span><\/h1>\n<\/div><div class=\"fusion-sep-clear\"><\/div><div class=\"fusion-separator\" style=\"margin-left: auto;margin-right: auto;margin-top:0px;margin-bottom:60px;width:100%;max-width:50px;\"><div class=\"fusion-separator-border sep-single sep-solid\" style=\"border-color:#cbaa5c;border-top-width:1px;\"><\/div><\/div><div class=\"fusion-sep-clear\"><\/div><div class=\"fusion-text fusion-text-2\" style=\"transform:translate3d(0,0,0);\"><ul>\n<li><span style=\"font-weight: 400;\">Zugang f\u00fcr Behinderte<\/span><\/li>\n<li><span style=\"font-weight: 400;\">Internet-Point in der Halle kostenlos<\/span><\/li>\n<li><span style=\"font-weight: 400;\">Kostenloses W-LAN im gesamten Hotel und am Strand<\/span><\/li>\n<li><span style=\"font-weight: 400;\">Zeitungen in der Halle<\/span><\/li>\n<li><span style=\"font-weight: 400;\">Organisation Transfer<\/span><\/li>\n<li><span style=\"font-weight: 400;\">Fax-und Fotokopiereinrichtungen<\/span><\/li>\n<li><span style=\"font-weight: 400;\">American Bar in der Halle<\/span><\/li>\n<li><span style=\"font-weight: 400;\">Lounge-Bar im Roofgarten<\/span><\/li>\n<li><span style=\"font-weight: 400;\">T\u00fcrkisches Bad<\/span><\/li>\n<li><span style=\"font-weight: 400;\">Thalasso-Pool mit beheiztem Whirlpool<\/span><\/li>\n<li><span style=\"font-weight: 400;\">Massagen<\/span><\/li>\n<li><span style=\"font-weight: 400;\">Kosmetikerin Service<\/span><\/li>\n<li><span style=\"font-weight: 400;\">Fahrr\u00e4der zur Verf\u00fcgung<\/span><\/li>\n<li><span style=\"font-weight: 400;\">Strandservice<\/span><\/li>\n<li><span style=\"font-weight: 400;\">W\u00e4sche<\/span><\/li>\n<li><span style=\"font-weight: 400;\">Im Hotel Sind die kleinen Hunde erlaubt (aber Sie k\u00f6nnen nicht ins Restaurant oder am Strand mitnehmen)<\/span><\/li>\n<\/ul>\n<\/div><div class=\"fusion-clearfix\"><\/div><\/div><\/div><div class=\"fusion-layout-column fusion_builder_column fusion-builder-column-1 fusion_builder_column_2_3 2_3 fusion-two-third fusion-column-last\" style=\"width:66.666666666667%;width:calc(66.666666666667% - ( ( 4% ) * 0.66666666666667 ) );margin-top:0px;margin-bottom:20px;\"><div class=\"fusion-column-wrapper fusion-flex-column-wrapper-legacy\" style=\"background-image: url(&#039;https:\/\/www.terrazzamarconi.it\/wp-content\/uploads\/2018\/07\/DSC01712.jpg&#039;);background-position:left top;background-repeat:no-repeat;-webkit-background-size:cover;-moz-background-size:cover;-o-background-size:cover;background-size:cover;padding: 0px 0px 0px 0px;\" data-bg-url=\"https:\/\/www.terrazzamarconi.it\/wp-content\/uploads\/2018\/07\/DSC01712.jpg\"><div class=\"fusion-clearfix\"><\/div><\/div><\/div><\/div><\/div><div class=\"fusion-fullwidth fullwidth-box fusion-builder-row-2 nonhundred-percent-fullwidth non-hundred-percent-height-scrolling fusion-equal-height-columns\" style=\"background-color: rgba(178,223,244,0.13);background-position: center center;background-repeat: no-repeat;background-blend-mode: overlay;padding-top:20px;padding-right:0px;padding-bottom:20px;padding-left:0px;margin-bottom: 0px;margin-top: 0px;border-width: 0px 0px 0px 0px;border-color:#eae9e9;border-style:solid;\" ><div class=\"fusion-builder-row fusion-row\"><div class=\"fusion-layout-column fusion_builder_column fusion-builder-column-2 fusion_builder_column_2_3 2_3 fusion-two-third fusion-column-first\" style=\"width:66.666666666667%;width:calc(66.666666666667% - ( ( 4% ) * 0.66666666666667 ) );margin-right: 4%;margin-top:0px;margin-bottom:20px;\"><div class=\"fusion-column-wrapper fusion-flex-column-wrapper-legacy\" style=\"background-image: url(&#039;https:\/\/www.terrazzamarconi.it\/wp-content\/uploads\/2018\/07\/hotel-vista-mare-senigallia4.jpg&#039;);background-position:left top;background-repeat:no-repeat;-webkit-background-size:cover;-moz-background-size:cover;-o-background-size:cover;background-size:cover;padding: 0px 0px 0px 0px;\" data-bg-url=\"https:\/\/www.terrazzamarconi.it\/wp-content\/uploads\/2018\/07\/hotel-vista-mare-senigallia4.jpg\"><div class=\"fusion-clearfix\"><\/div><\/div><\/div><div class=\"fusion-layout-column fusion_builder_column fusion-builder-column-3 fusion_builder_column_1_3 1_3 fusion-one-third fusion-column-last\" style=\"width:33.333333333333%;width:calc(33.333333333333% - ( ( 4% ) * 0.33333333333333 ) );margin-top:0px;margin-bottom:20px;\"><div class=\"fusion-column-wrapper fusion-flex-column-wrapper-legacy\" style=\"background-position:left top;background-repeat:no-repeat;-webkit-background-size:cover;-moz-background-size:cover;-o-background-size:cover;background-size:cover;padding: 0px 0px 0px 0px;\"><div class=\"fusion-text fusion-text-3\" style=\"transform:translate3d(0,0,0);\"><p style=\"letter-spacing: 4px; font-size: 13px; text-align: center; margin-bottom: 0px;\">HOTEL SERVICES<\/p>\n<h1 style=\"text-align: center;\">Zimmerservice<\/h1>\n<\/div><div class=\"fusion-sep-clear\"><\/div><div class=\"fusion-separator\" style=\"margin-left: auto;margin-right: auto;margin-top:0px;margin-bottom:60px;width:100%;max-width:50px;\"><div class=\"fusion-separator-border sep-single sep-solid\" style=\"border-color:#cbaa5c;border-top-width:1px;\"><\/div><\/div><div class=\"fusion-sep-clear\"><\/div><div class=\"fusion-text fusion-text-4\" style=\"transform:translate3d(0,0,0);\"><ul>\n<li><span title=\"\">Balkon mit Meerblick (siehe Zimmer)<\/span><\/li>\n<li><span title=\"\">Autonome Klimaanlage<\/span><\/li>\n<li><span title=\"\">Minibar mit freiem Wasser<\/span><\/li>\n<li><span title=\"\">Elektronischer Safe<\/span><\/li>\n<li><span title=\"\">Verdunklungsvorh\u00e4nge<\/span><\/li>\n<li><span title=\"\">H\u00f6flichkeitssatz<\/span><\/li>\n<li><span title=\"\">Haartrockner<\/span><\/li>\n<li><span title=\"\">32 &#8220; LCD-Flachbildfernseher<\/span><\/li>\n<li><span class=\"\" title=\"\">SKY-Komplettangebot: Fu\u00dfball-, Kino- und Themenkan\u00e4le<\/span><\/li>\n<li><span class=\"\" title=\"\">Kostenlose Internetverbindung mit Laptop<\/span><\/li>\n<li><span class=\"\" title=\"\">Telefon mit einer direkten Linie und einem Wecker<\/span><\/li>\n<li><span class=\"\" title=\"\">Kostenlose Zeitung im Zimmer auf Anfrage<\/span><\/li>\n<li><span class=\"\" title=\"\">Zimmerservice<\/span><\/li>\n<\/ul>\n<\/div><div class=\"fusion-clearfix\"><\/div><\/div><\/div><\/div><\/div><div class=\"fusion-fullwidth fullwidth-box fusion-builder-row-3 nonhundred-percent-fullwidth non-hundred-percent-height-scrolling fusion-equal-height-columns\" style=\"background-color: rgba(255,152,0,0.07);background-position: center center;background-repeat: no-repeat;background-blend-mode: overlay;padding-top:20px;padding-right:0px;padding-bottom:20px;padding-left:0px;margin-bottom: 0px;margin-top: 0px;border-width: 0px 0px 0px 0px;border-color:#eae9e9;border-style:solid;\" ><div class=\"fusion-builder-row fusion-row\"><div class=\"fusion-layout-column fusion_builder_column fusion-builder-column-4 fusion_builder_column_1_3 1_3 fusion-one-third fusion-column-first\" style=\"width:33.333333333333%;width:calc(33.333333333333% - ( ( 4% ) * 0.33333333333333 ) );margin-right: 4%;margin-top:0px;margin-bottom:20px;\"><div class=\"fusion-column-wrapper fusion-flex-column-wrapper-legacy\" style=\"background-position:left top;background-repeat:no-repeat;-webkit-background-size:cover;-moz-background-size:cover;-o-background-size:cover;background-size:cover;padding: 0px 0px 0px 0px;\"><div class=\"fusion-text fusion-text-5\" style=\"transform:translate3d(0,0,0);\"><p style=\"letter-spacing: 4px; font-size: 13px; text-align: center; margin-bottom: 0px;\">HOTEL SERVICES<\/p>\n<h1 style=\"text-align: center;\">Dienstleistungen f\u00fcr Kinder<\/h1>\n<\/div><div class=\"fusion-sep-clear\"><\/div><div class=\"fusion-separator\" style=\"margin-left: auto;margin-right: auto;margin-top:0px;margin-bottom:60px;width:100%;max-width:50px;\"><div class=\"fusion-separator-border sep-single sep-solid\" style=\"border-color:#cbaa5c;border-top-width:1px;\"><\/div><\/div><div class=\"fusion-sep-clear\"><\/div><div class=\"fusion-text fusion-text-6\" style=\"transform:translate3d(0,0,0);\"><ul>\n<li style=\"font-weight: 400;\"><span title=\"\">Kostenloser Babysitter-Service am Strand und auf Anfrage im Hotel erh\u00e4ltlich.<\/span><\/li>\n<li style=\"font-weight: 400;\"><span title=\"\">Kindermen\u00fc<\/span><\/li>\n<li style=\"font-weight: 400;\"><span class=\"\" title=\"\">Kan\u00e4le f\u00fcr Kinder von digitalen terrestrischen<\/span><\/li>\n<li style=\"font-weight: 400;\"><span class=\"\" title=\"\">Gesch\u00fctzter Spielplatz am Strand<\/span><\/li>\n<li style=\"font-weight: 400;\"><span class=\"\" title=\"\">Wiege f\u00fcr Neugeborene und Betten mit Banken<\/span><\/li>\n<li style=\"font-weight: 400;\"><span class=\"\" title=\"\">Fahrradsitze<\/span><\/li>\n<\/ul>\n<\/div><div class=\"fusion-clearfix\"><\/div><\/div><\/div><div class=\"fusion-layout-column fusion_builder_column fusion-builder-column-5 fusion_builder_column_2_3 2_3 fusion-two-third fusion-column-last\" style=\"width:66.666666666667%;width:calc(66.666666666667% - ( ( 4% ) * 0.66666666666667 ) );margin-top:0px;margin-bottom:20px;\"><div class=\"fusion-column-wrapper fusion-flex-column-wrapper-legacy\" style=\"background-image: url(&#039;https:\/\/www.terrazzamarconi.it\/wp-content\/uploads\/2018\/07\/DSC01650-1.jpg&#039;);background-position:left top;background-repeat:no-repeat;-webkit-background-size:cover;-moz-background-size:cover;-o-background-size:cover;background-size:cover;padding: 0px 0px 0px 0px;\" data-bg-url=\"https:\/\/www.terrazzamarconi.it\/wp-content\/uploads\/2018\/07\/DSC01650-1.jpg\"><div class=\"fusion-clearfix\"><\/div><\/div><\/div><\/div><\/div><div class=\"fusion-fullwidth fullwidth-box fusion-builder-row-4 nonhundred-percent-fullwidth non-hundred-percent-height-scrolling fusion-equal-height-columns\" style=\"background-color: rgba(255,255,255,0);background-position: center center;background-repeat: no-repeat;padding-top:0px;padding-right:0px;padding-bottom:0px;padding-left:0px;margin-bottom: 0px;margin-top: 0px;border-width: 0px 0px 0px 0px;border-color:#eae9e9;border-style:solid;\" ><div class=\"fusion-builder-row fusion-row\"><div class=\"fusion-layout-column fusion_builder_column fusion-builder-column-6 fusion_builder_column_2_3 2_3 fusion-two-third fusion-column-first\" style=\"width:66.666666666667%;width:calc(66.666666666667% - ( ( 4% ) * 0.66666666666667 ) );margin-right: 4%;margin-top:0px;margin-bottom:20px;\"><div class=\"fusion-column-wrapper fusion-flex-column-wrapper-legacy\" style=\"background-position:left top;background-repeat:no-repeat;-webkit-background-size:cover;-moz-background-size:cover;-o-background-size:cover;background-size:cover;padding: 10px 0px 0px 0px;\"><span class=\" fusion-imageframe imageframe-none imageframe-1 hover-type-none\" style=\"margin-bottom:20px;\"><img width=\"640\" height=\"391\" title=\"parcheggio2\" src=\"https:\/\/www.terrazzamarconi.it\/wp-content\/uploads\/2021\/09\/parcheggio2.jpg\" class=\"img-responsive wp-image-4188\" srcset=\"https:\/\/www.terrazzamarconi.it\/wp-content\/uploads\/2021\/09\/parcheggio2-200x122.jpg 200w, https:\/\/www.terrazzamarconi.it\/wp-content\/uploads\/2021\/09\/parcheggio2-400x244.jpg 400w, https:\/\/www.terrazzamarconi.it\/wp-content\/uploads\/2021\/09\/parcheggio2-600x367.jpg 600w, https:\/\/www.terrazzamarconi.it\/wp-content\/uploads\/2021\/09\/parcheggio2.jpg 640w\" sizes=\"(max-width: 1105px) 100vw, 640px\" \/><\/span><div class=\"fusion-text fusion-text-7\" style=\"transform:translate3d(0,0,0);\"><p><span style=\"font-weight: 400;\">Parkplatz kostenlos, im Winter in dem Bereich benachbart zu dem Hotel auf den blauen Streifen Parkpl\u00e4tze stehen kostenfrei im Sommer in ca. 300 mt. oder f\u00fcr l\u00e4ngere Zeit in Garage und Video\u00fcberwachung in der N\u00e4he.<\/span><\/p>\n<\/div><div class=\"fusion-clearfix\"><\/div><\/div><\/div><div class=\"fusion-layout-column fusion_builder_column fusion-builder-column-7 fusion_builder_column_1_3 1_3 fusion-one-third fusion-column-last\" style=\"width:33.333333333333%;width:calc(33.333333333333% - ( ( 4% ) * 0.33333333333333 ) );margin-top:0px;margin-bottom:20px;\"><div class=\"fusion-column-wrapper fusion-flex-column-wrapper-legacy\" style=\"background-position:left top;background-repeat:no-repeat;-webkit-background-size:cover;-moz-background-size:cover;-o-background-size:cover;background-size:cover;padding: 20px 0px 0px 0px;\"><div class=\"fusion-text fusion-text-8\" style=\"transform:translate3d(0,0,0);\"><p style=\"letter-spacing: 4px; font-size: 13px; text-align: center; margin-bottom: 0px;\">HOTEL SERVICES<\/p>\n<h1 style=\"text-align: center;\"><span style=\"font-weight: 400;\">Allgemeine Infos<\/span><\/h1>\n<\/div><div class=\"fusion-sep-clear\"><\/div><div class=\"fusion-separator\" style=\"margin-left: auto;margin-right: auto;margin-top:0px;margin-bottom:30px;width:100%;max-width:50px;\"><div class=\"fusion-separator-border sep-single sep-solid\" style=\"border-color:#cbaa5c;border-top-width:1px;\"><\/div><\/div><div class=\"fusion-sep-clear\"><\/div><div class=\"fusion-text fusion-text-9\" style=\"transform:translate3d(0,0,0);\"><ul>\n<li><span style=\"font-weight: 400;\">Check-in: ab 14:00<\/span><\/li>\n<li><span style=\"font-weight: 400;\">Check-out: bis 12:00<\/span><\/li>\n<\/ul>\n<\/div><div class=\"fusion-text fusion-text-10\" style=\"transform:translate3d(0,0,0);\"><ul>\n<li><span style=\"font-weight: 400;\">Fr\u00fchst\u00fcckszeiten von 7.00 bis 11.00 Uhr<\/span><\/li>\n<li><span style=\"font-weight: 400;\">Mittagessen von 12.00 bis 15.00 Uhr<\/span><\/li>\n<li><span style=\"font-weight: 400;\">Abendessen von 20.00 Uhr bis 23.00 Uhr<\/span><\/li>\n<li><span style=\"font-weight: 400;\">Lounge-Bar Roofgarten von 18.00 Uhr bis 01.00 Uhr (Mai bis September)<\/span><\/li>\n<li>Roofgarten-Restaurant von 20.00 bis 22.00 Uhr (Mai bis September)<\/li>\n<\/ul>\n<\/div><div class=\"fusion-clearfix\"><\/div><\/div><\/div><\/div><\/div><\/p>\n","protected":false},"excerpt":{"rendered":"","protected":false},"author":1,"featured_media":0,"parent":2954,"menu_order":0,"comment_status":"closed","ping_status":"closed","template":"100-width.php","meta":[],"_links":{"self":[{"href":"https:\/\/www.terrazzamarconi.it\/de\/wp-json\/wp\/v2\/pages\/2967"}],"collection":[{"href":"https:\/\/www.terrazzamarconi.it\/de\/wp-json\/wp\/v2\/pages"}],"about":[{"href":"https:\/\/www.terrazzamarconi.it\/de\/wp-json\/wp\/v2\/types\/page"}],"author":[{"embeddable":true,"href":"https:\/\/www.terrazzamarconi.it\/de\/wp-json\/wp\/v2\/users\/1"}],"replies":[{"embeddable":true,"href":"https:\/\/www.terrazzamarconi.it\/de\/wp-json\/wp\/v2\/comments?post=2967"}],"version-history":[{"count":8,"href":"https:\/\/www.terrazzamarconi.it\/de\/wp-json\/wp\/v2\/pages\/2967\/revisions"}],"predecessor-version":[{"id":4203,"href":"https:\/\/www.terrazzamarconi.it\/de\/wp-json\/wp\/v2\/pages\/2967\/revisions\/4203"}],"up":[{"embeddable":true,"href":"https:\/\/www.terrazzamarconi.it\/de\/wp-json\/wp\/v2\/pages\/2954"}],"wp:attachment":[{"href":"https:\/\/www.terrazzamarconi.it\/de\/wp-json\/wp\/v2\/media?parent=2967"}],"curies":[{"name":"wp","href":"https:\/\/api.w.org\/{rel}","templated":true}]}}