{"id":2952,"date":"2018-07-17T07:18:54","date_gmt":"2018-07-17T07:18:54","guid":{"rendered":"https:\/\/www.terrazzamarconi.it\/?page_id=2952"},"modified":"2018-07-17T11:27:48","modified_gmt":"2018-07-17T11:27:48","slug":"fruehstueck","status":"publish","type":"page","link":"https:\/\/www.terrazzamarconi.it\/de\/senigallia-hotel-terrazza-marconi\/fruehstueck\/","title":{"rendered":"FR\u00dcHST\u00dcCK"},"content":{"rendered":"<div class=\"fusion-fullwidth fullwidth-box fusion-builder-row-1 nonhundred-percent-fullwidth non-hundred-percent-height-scrolling fusion-equal-height-columns\" style=\"background-color: rgba(203,170,92,0.2);background-position: center center;background-repeat: no-repeat;padding-top:40px;padding-right:0px;padding-bottom:40px;padding-left:0px;margin-bottom: 0px;margin-top: 0px;border-width: 0px 0px 0px 0px;border-color:#eae9e9;border-style:solid;\" ><div class=\"fusion-builder-row fusion-row\"><div class=\"fusion-layout-column fusion_builder_column fusion-builder-column-0 fusion_builder_column_1_2 1_2 fusion-one-half fusion-column-first\" style=\"width:50%;width:calc(50% - ( ( 4% ) * 0.5 ) );margin-right: 4%;margin-top:0px;margin-bottom:20px;\"><div class=\"fusion-column-wrapper fusion-flex-column-wrapper-legacy\" style=\"background-position:left top;background-repeat:no-repeat;-webkit-background-size:cover;-moz-background-size:cover;-o-background-size:cover;background-size:cover;padding: 40px 40px 40px 40px;\"><div class=\"fusion-text fusion-text-1\" style=\"transform:translate3d(0,0,0);\"><p>So starten Sie Ihren Tag ein k\u00f6stliches Fr\u00fchst\u00fcck in einer gem\u00fctlichen und eleganten Krise.<\/p>\n<p>Der Fr\u00fchst\u00fccksraum befindet sich im 4. Stock des Hotels dank einem gro\u00dfen Fenster mit einem herrlichen Blick auf das Meer und im Sommer kann man drau\u00dfen auf dem Balkon zu sitzen.<\/p>\n<p>Internationales Buffet mit einer feinen Auswahl an frischem Obst, Joghurt, Marmeladen, frisch gebackene Croissants, Kuchen, gro\u00dfe Auswahl an Wurst und K\u00e4se, M\u00fcsli, Brot, Eier, Speck, Wurst, Gem\u00fcse.<\/p>\n<p>Alles begleitet von Kaffee, Cappuccino, Schokolade, Zitruss\u00e4fte und Fr\u00fcchte.<\/p>\n<p>Der Fr\u00fchst\u00fccksraum ist ge\u00f6ffnet von 7.00 bis 11.00 Uhr.<\/p>\n<p>F\u00fcr eine Wiederbelebung in Intimit\u00e4t k\u00f6nnen Sie um Fr\u00fchst\u00fcck in der Zimmerservice von 7.00 bis 11.00 Uhr bitten<\/p>\n<\/div><div class=\"fusion-clearfix\"><\/div><\/div><\/div><div class=\"fusion-layout-column fusion_builder_column fusion-builder-column-1 fusion_builder_column_1_2 1_2 fusion-one-half fusion-column-last\" style=\"width:50%;width:calc(50% - ( ( 4% ) * 0.5 ) );margin-top:0px;margin-bottom:20px;\"><div class=\"fusion-column-wrapper fusion-flex-column-wrapper-legacy\" style=\"background-position:left top;background-repeat:no-repeat;-webkit-background-size:cover;-moz-background-size:cover;-o-background-size:cover;background-size:cover;padding: 0px 0px 0px 0px;\"><div class=\"fusion-column-content-centered\"><div class=\"fusion-column-content\"><span class=\" fusion-imageframe imageframe-none imageframe-1 hover-type-zoomin\"><img width=\"649\" height=\"832\" title=\"46\" src=\"https:\/\/www.terrazzamarconi.it\/wp-content\/uploads\/2018\/07\/46.jpg\" class=\"img-responsive wp-image-3005\" srcset=\"https:\/\/www.terrazzamarconi.it\/wp-content\/uploads\/2018\/07\/46-200x256.jpg 200w, https:\/\/www.terrazzamarconi.it\/wp-content\/uploads\/2018\/07\/46-400x513.jpg 400w, https:\/\/www.terrazzamarconi.it\/wp-content\/uploads\/2018\/07\/46-600x769.jpg 600w, https:\/\/www.terrazzamarconi.it\/wp-content\/uploads\/2018\/07\/46.jpg 649w\" sizes=\"(max-width: 1105px) 100vw, 600px\" \/><\/span><\/div><\/div><div class=\"fusion-clearfix\"><\/div><\/div><\/div><\/div><\/div>\n","protected":false},"excerpt":{"rendered":"","protected":false},"author":1,"featured_media":0,"parent":2954,"menu_order":0,"comment_status":"closed","ping_status":"closed","template":"100-width.php","meta":[],"_links":{"self":[{"href":"https:\/\/www.terrazzamarconi.it\/de\/wp-json\/wp\/v2\/pages\/2952"}],"collection":[{"href":"https:\/\/www.terrazzamarconi.it\/de\/wp-json\/wp\/v2\/pages"}],"about":[{"href":"https:\/\/www.terrazzamarconi.it\/de\/wp-json\/wp\/v2\/types\/page"}],"author":[{"embeddable":true,"href":"https:\/\/www.terrazzamarconi.it\/de\/wp-json\/wp\/v2\/users\/1"}],"replies":[{"embeddable":true,"href":"https:\/\/www.terrazzamarconi.it\/de\/wp-json\/wp\/v2\/comments?post=2952"}],"version-history":[{"count":2,"href":"https:\/\/www.terrazzamarconi.it\/de\/wp-json\/wp\/v2\/pages\/2952\/revisions"}],"predecessor-version":[{"id":3058,"href":"https:\/\/www.terrazzamarconi.it\/de\/wp-json\/wp\/v2\/pages\/2952\/revisions\/3058"}],"up":[{"embeddable":true,"href":"https:\/\/www.terrazzamarconi.it\/de\/wp-json\/wp\/v2\/pages\/2954"}],"wp:attachment":[{"href":"https:\/\/www.terrazzamarconi.it\/de\/wp-json\/wp\/v2\/media?parent=2952"}],"curies":[{"name":"wp","href":"https:\/\/api.w.org\/{rel}","templated":true}]}}